{"id":2,"date":"2023-11-09T13:29:23","date_gmt":"2023-11-09T16:29:23","guid":{"rendered":"http:\/\/blog.dionequimica.com.ar\/?page_id=2"},"modified":"2024-01-09T13:17:55","modified_gmt":"2024-01-09T16:17:55","slug":"pagina-ejemplo","status":"publish","type":"page","link":"https:\/\/blog.dionequimica.com.ar\/index.php\/pagina-ejemplo\/","title":{"rendered":"Sobre Nosotros"},"content":{"rendered":"\n<p><strong>DIONE QU\u00cdMICA<\/strong> fue fundada en 1985 por Roberto Prefumo y su esposa Beatriz en la localidad de Wilde, como un emprendimiento que buscaba brindarles a los clientes de los aleda\u00f1os productos de primera calidad a un bajo precio.<\/p>\n\n\n\n<p>Con el correr del tiempo, el proyecto fue creciendo no solo en infraestructura sino tambi\u00e9n en equipo y en cantidad de productos, siendo la innovaci\u00f3n constante parte de sus valores y su misi\u00f3n.<\/p>\n\n\n\n<p><strong>Dione Qu\u00edmica <\/strong>cuenta con laboratorio propio, planta de producci\u00f3n, cobertura de entrega a nivel nacional, local para compras minoristas y tambi\u00e9n departamento de exportaci\u00f3n para que nuestros productos puedan llegar, incluso, fuera de Argentina.<\/p>\n\n\n\n<p>Desde el primer momento asumimos tambi\u00e9n un compromiso con el medio ambiente, entendiendo que su cuidado y preservaci\u00f3n es responsabilidad de todos. Es por eso que adem\u00e1s de fomentar el consumo de productos a granel para la disminuci\u00f3n del pl\u00e1stico, hemos desarrollado productos altamente biodegradables. Y seguimos trabajando para que cada vez sean m\u00e1s<\/p>\n\n\n\n<p><strong>Dione Qu\u00edmica<\/strong> es un gran aliado para:<\/p>\n\n\n\n<ul class=\"wp-block-list\">\n<li>Los vecinos de Wilde que se acercan a comprar al local.<\/li>\n\n\n\n<li>Comercios de venta de productos de limpieza que buscan brindarles a sus clientes la mayor calidad<\/li>\n\n\n\n<li>Emprendedores y distribuidores que comercializan productos de limpieza, higiene y cuidado personal.<\/li>\n\n\n\n<li>Comercios alimenticios que requieren de productos de limpieza certificados por SENASA<\/li>\n\n\n\n<li>Administraci\u00f3n de consorcios, cooperadoras y dem\u00e1s organizaciones que necesitan comprar estos productos en cantidad.<\/li>\n<\/ul>\n\n\n\n<p>Cada a\u00f1o en<strong> Dione Qu\u00edmica<\/strong>, desde 1985, renovamos nuestro compromiso tanto con nuestros clientes como con el medio ambiente. Hoy con m\u00e1s de seiscientos art\u00edculos, nuestro gran equipo sigue trabajando para brindarte productos de calidad certificada al menor precio y con el menor impacto negativo en el medio ambiente.&nbsp;<\/p>\n\n\n\n<p>Escribinos y dejanos ser aliados de tu d\u00eda.<\/p>\n","protected":false},"excerpt":{"rendered":"<p>DIONE QU\u00cdMICA fue fundada en 1985 por Roberto Prefumo y su esposa Beatriz en la localidad de Wilde, como un emprendimiento que buscaba brindarles a los clientes de los aleda\u00f1os productos de primera calidad a un bajo precio. Con el correr del tiempo, el proyecto fue creciendo no solo en infraestructura sino tambi\u00e9n en equipo &hellip; <\/p>\n","protected":false},"author":1,"featured_media":0,"parent":0,"menu_order":0,"comment_status":"closed","ping_status":"open","template":"","meta":{"footnotes":""},"class_list":["post-2","page","type-page","status-publish","hentry"],"_links":{"self":[{"href":"https:\/\/blog.dionequimica.com.ar\/index.php\/wp-json\/wp\/v2\/pages\/2","targetHints":{"allow":["GET"]}}],"collection":[{"href":"https:\/\/blog.dionequimica.com.ar\/index.php\/wp-json\/wp\/v2\/pages"}],"about":[{"href":"https:\/\/blog.dionequimica.com.ar\/index.php\/wp-json\/wp\/v2\/types\/page"}],"author":[{"embeddable":true,"href":"https:\/\/blog.dionequimica.com.ar\/index.php\/wp-json\/wp\/v2\/users\/1"}],"replies":[{"embeddable":true,"href":"https:\/\/blog.dionequimica.com.ar\/index.php\/wp-json\/wp\/v2\/comments?post=2"}],"version-history":[{"count":1,"href":"https:\/\/blog.dionequimica.com.ar\/index.php\/wp-json\/wp\/v2\/pages\/2\/revisions"}],"predecessor-version":[{"id":51,"href":"https:\/\/blog.dionequimica.com.ar\/index.php\/wp-json\/wp\/v2\/pages\/2\/revisions\/51"}],"wp:attachment":[{"href":"https:\/\/blog.dionequimica.com.ar\/index.php\/wp-json\/wp\/v2\/media?parent=2"}],"curies":[{"name":"wp","href":"https:\/\/api.w.org\/{rel}","templated":true}]}}